{"id":1254,"date":"2020-11-10T11:48:00","date_gmt":"2020-11-10T11:48:00","guid":{"rendered":"https:\/\/formlabs.ib-caddy.com\/?page_id=1254"},"modified":"2022-03-22T13:49:11","modified_gmt":"2022-03-22T13:49:11","slug":"webinar","status":"publish","type":"page","link":"https:\/\/formlabs.ib-caddy.com\/sl\/webinar\/","title":{"rendered":"Webinarji"},"content":{"rendered":"<div data-elementor-type=\"wp-page\" data-elementor-id=\"1254\" class=\"elementor elementor-1254\" data-elementor-post-type=\"page\">\n\t\t\t\t\t\t<section class=\"elementor-section elementor-top-section elementor-element elementor-element-629de5d elementor-section-full_width elementor-section-height-min-height elementor-section-height-default elementor-section-items-middle\" data-id=\"629de5d\" data-element_type=\"section\" data-e-type=\"section\">\n\t\t\t\t\t\t\t<div class=\"elementor-background-overlay\"><\/div>\n\t\t\t\t\t\t\t<div class=\"elementor-container elementor-column-gap-default\">\n\t\t\t\t\t<div class=\"elementor-column elementor-col-100 elementor-top-column elementor-element elementor-element-baa45f4\" data-id=\"baa45f4\" data-element_type=\"column\" data-e-type=\"column\">\n\t\t\t<div class=\"elementor-widget-wrap elementor-element-populated\">\n\t\t\t\t\t\t<div class=\"elementor-element elementor-element-8524a2b elementor-widget elementor-widget-text-editor\" data-id=\"8524a2b\" data-element_type=\"widget\" data-e-type=\"widget\" data-widget_type=\"text-editor.default\">\n\t\t\t\t<div class=\"elementor-widget-container\">\n\t\t\t\t\t\t\t\t\t<p>Formlabs Webinarji<\/p>\t\t\t\t\t\t\t\t<\/div>\n\t\t\t\t<\/div>\n\t\t\t\t\t<\/div>\n\t\t<\/div>\n\t\t\t\t\t<\/div>\n\t\t<\/section>\n\t\t\t\t<section class=\"elementor-section elementor-top-section elementor-element elementor-element-4a19e65 elementor-section-boxed elementor-section-height-default elementor-section-height-default\" data-id=\"4a19e65\" data-element_type=\"section\" data-e-type=\"section\">\n\t\t\t\t\t\t<div class=\"elementor-container elementor-column-gap-default\">\n\t\t\t\t\t<div class=\"elementor-column elementor-col-100 elementor-top-column elementor-element elementor-element-644d7a8\" data-id=\"644d7a8\" data-element_type=\"column\" data-e-type=\"column\">\n\t\t\t<div class=\"elementor-widget-wrap elementor-element-populated\">\n\t\t\t\t\t\t<div class=\"elementor-element elementor-element-c4f0932 elementor-widget elementor-widget-spacer\" data-id=\"c4f0932\" data-element_type=\"widget\" data-e-type=\"widget\" data-widget_type=\"spacer.default\">\n\t\t\t\t<div class=\"elementor-widget-container\">\n\t\t\t\t\t\t\t<div class=\"elementor-spacer\">\n\t\t\t<div class=\"elementor-spacer-inner\"><\/div>\n\t\t<\/div>\n\t\t\t\t\t\t<\/div>\n\t\t\t\t<\/div>\n\t\t\t\t<div class=\"elementor-element elementor-element-5e42a5ea elementor-widget elementor-widget-text-editor\" data-id=\"5e42a5ea\" data-element_type=\"widget\" data-e-type=\"widget\" data-widget_type=\"text-editor.default\">\n\t\t\t\t<div class=\"elementor-widget-container\">\n\t\t\t\t\t\t\t\t\t<h3>Se vam ni uspelo udele\u017eiti webinarja?<\/h3>\n<p>Pretekle webinarje si lahko ogledate na na\u0161em <span style=\"color: #00ccff;\"><a style=\"color: #00ccff;\" href=\"https:\/\/www.youtube.com\/channel\/UChZ76jZuIQLff_kJzDGXiUA\/videos\" target=\"_blank\" rel=\"noopener\"><strong>YouTube<\/strong> <\/a><\/span>kanalu.<\/p>\t\t\t\t\t\t\t\t<\/div>\n\t\t\t\t<\/div>\n\t\t\t\t<div class=\"elementor-element elementor-element-9ee4832 elementor-align-center elementor-widget elementor-widget-button\" data-id=\"9ee4832\" data-element_type=\"widget\" data-e-type=\"widget\" data-widget_type=\"button.default\">\n\t\t\t\t<div class=\"elementor-widget-container\">\n\t\t\t\t\t\t\t\t\t<div class=\"elementor-button-wrapper\">\n\t\t\t\t\t<a class=\"elementor-button elementor-button-link elementor-size-sm\" href=\"https:\/\/www.youtube.com\/playlist?list=PL-cCYHz_1BTdgAuyAzQqnb0arqiaEQ_v5\" target=\"_blank\" rel=\"noopener\">\n\t\t\t\t\t\t<span class=\"elementor-button-content-wrapper\">\n\t\t\t\t\t\t\t\t\t<span class=\"elementor-button-text\">POSNETKI PRETEKLIH WEBINARJEV<\/span>\n\t\t\t\t\t<\/span>\n\t\t\t\t\t<\/a>\n\t\t\t\t<\/div>\n\t\t\t\t\t\t\t\t<\/div>\n\t\t\t\t<\/div>\n\t\t\t\t<div class=\"elementor-element elementor-element-5e9cba2 elementor-widget elementor-widget-spacer\" data-id=\"5e9cba2\" data-element_type=\"widget\" data-e-type=\"widget\" data-widget_type=\"spacer.default\">\n\t\t\t\t<div class=\"elementor-widget-container\">\n\t\t\t\t\t\t\t<div class=\"elementor-spacer\">\n\t\t\t<div class=\"elementor-spacer-inner\"><\/div>\n\t\t<\/div>\n\t\t\t\t\t\t<\/div>\n\t\t\t\t<\/div>\n\t\t\t\t\t<\/div>\n\t\t<\/div>\n\t\t\t\t\t<\/div>\n\t\t<\/section>\n\t\t\t\t<section class=\"elementor-section elementor-top-section elementor-element elementor-element-237bf98 elementor-section-boxed elementor-section-height-default elementor-section-height-default\" data-id=\"237bf98\" data-element_type=\"section\" data-e-type=\"section\">\n\t\t\t\t\t\t<div class=\"elementor-container elementor-column-gap-default\">\n\t\t\t\t\t<div class=\"elementor-column elementor-col-50 elementor-top-column elementor-element elementor-element-dfb7547\" data-id=\"dfb7547\" data-element_type=\"column\" data-e-type=\"column\">\n\t\t\t<div class=\"elementor-widget-wrap elementor-element-populated\">\n\t\t\t\t\t\t<div class=\"elementor-element elementor-element-dd8fa6a elementor-widget elementor-widget-text-editor\" data-id=\"dd8fa6a\" data-element_type=\"widget\" data-e-type=\"widget\" data-widget_type=\"text-editor.default\">\n\t\t\t\t<div class=\"elementor-widget-container\">\n\t\t\t\t\t\t\t\t\t<h2><strong>\u017delite privatni sestanek s&nbsp;<\/strong><\/h2><h2><strong>Formlabs in IB-CADDY predstavniki?<\/strong><\/h2>\t\t\t\t\t\t\t\t<\/div>\n\t\t\t\t<\/div>\n\t\t\t\t<div class=\"elementor-element elementor-element-4666833 elementor-widget elementor-widget-text-editor\" data-id=\"4666833\" data-element_type=\"widget\" data-e-type=\"widget\" data-widget_type=\"text-editor.default\">\n\t\t\t\t<div class=\"elementor-widget-container\">\n\t\t\t\t\t\t\t\t\t<p><strong>Privatni virtualni sestanki:<\/strong><\/p>\n<p>Kliknite na Zahtevek za Formlabs virtualni privatni sestanek in se dogovorite za termin.<\/p>\t\t\t\t\t\t\t\t<\/div>\n\t\t\t\t<\/div>\n\t\t\t\t<div class=\"elementor-element elementor-element-7e4df32 elementor-align-center elementor-widget elementor-widget-button\" data-id=\"7e4df32\" data-element_type=\"widget\" data-e-type=\"widget\" data-widget_type=\"button.default\">\n\t\t\t\t<div class=\"elementor-widget-container\">\n\t\t\t\t\t\t\t\t\t<div class=\"elementor-button-wrapper\">\n\t\t\t\t\t<a class=\"elementor-button elementor-button-link elementor-size-sm\" href=\"https:\/\/www.ib-caddy.com\/formlabs-virtualni-sestanek\/\" target=\"_blank\">\n\t\t\t\t\t\t<span class=\"elementor-button-content-wrapper\">\n\t\t\t\t\t\t\t\t\t<span class=\"elementor-button-text\">ZAHTEVEK<\/span>\n\t\t\t\t\t<\/span>\n\t\t\t\t\t<\/a>\n\t\t\t\t<\/div>\n\t\t\t\t\t\t\t\t<\/div>\n\t\t\t\t<\/div>\n\t\t\t\t\t<\/div>\n\t\t<\/div>\n\t\t\t\t<div class=\"elementor-column elementor-col-50 elementor-top-column elementor-element elementor-element-42f2597\" data-id=\"42f2597\" data-element_type=\"column\" data-e-type=\"column\">\n\t\t\t<div class=\"elementor-widget-wrap elementor-element-populated\">\n\t\t\t\t\t\t<div class=\"elementor-element elementor-element-f77f786 elementor-widget elementor-widget-image\" data-id=\"f77f786\" data-element_type=\"widget\" data-e-type=\"widget\" data-widget_type=\"image.default\">\n\t\t\t\t<div class=\"elementor-widget-container\">\n\t\t\t\t\t\t\t\t\t\t\t\t\t\t\t<img fetchpriority=\"high\" decoding=\"async\" width=\"691\" height=\"475\" src=\"https:\/\/formlabs.ib-caddy.com\/\/wp-content\/uploads\/formlabs\/\/2020\/09\/Formlabs-E-book-Form-3-Review-Roundup-Promo-001.jpg\" class=\"attachment-large size-large wp-image-220\" alt=\"formlabs form 3l preview\" srcset=\"https:\/\/formlabs.ib-caddy.com\/\/wp-content\/uploads\/formlabs\/2020\/09\/Formlabs-E-book-Form-3-Review-Roundup-Promo-001.jpg 691w, https:\/\/formlabs.ib-caddy.com\/\/wp-content\/uploads\/formlabs\/2020\/09\/Formlabs-E-book-Form-3-Review-Roundup-Promo-001-300x206.jpg 300w\" sizes=\"(max-width: 691px) 100vw, 691px\" \/>\t\t\t\t\t\t\t\t\t\t\t\t\t\t\t<\/div>\n\t\t\t\t<\/div>\n\t\t\t\t\t<\/div>\n\t\t<\/div>\n\t\t\t\t\t<\/div>\n\t\t<\/section>\n\t\t\t\t<\/div>","protected":false},"excerpt":{"rendered":"<p>Formlabs Webinarji Se vam ni uspelo udele\u017eiti webinarja? Pretekle webinarje si lahko ogledate na na\u0161em YouTube kanalu. POSNETKI PRETEKLIH WEBINARJEV \u017delite privatni sestanek s&nbsp; Formlabs in IB-CADDY predstavniki? Privatni virtualni sestanki: Kliknite na Zahtevek za Formlabs virtualni privatni sestanek in se dogovorite za termin. ZAHTEVEK<\/p>","protected":false},"author":2,"featured_media":0,"parent":0,"menu_order":0,"comment_status":"closed","ping_status":"closed","template":"","meta":{"footnotes":""},"class_list":["post-1254","page","type-page","status-publish","hentry"],"_links":{"self":[{"href":"https:\/\/formlabs.ib-caddy.com\/sl\/wp-json\/wp\/v2\/pages\/1254","targetHints":{"allow":["GET"]}}],"collection":[{"href":"https:\/\/formlabs.ib-caddy.com\/sl\/wp-json\/wp\/v2\/pages"}],"about":[{"href":"https:\/\/formlabs.ib-caddy.com\/sl\/wp-json\/wp\/v2\/types\/page"}],"author":[{"embeddable":true,"href":"https:\/\/formlabs.ib-caddy.com\/sl\/wp-json\/wp\/v2\/users\/2"}],"replies":[{"embeddable":true,"href":"https:\/\/formlabs.ib-caddy.com\/sl\/wp-json\/wp\/v2\/comments?post=1254"}],"version-history":[{"count":25,"href":"https:\/\/formlabs.ib-caddy.com\/sl\/wp-json\/wp\/v2\/pages\/1254\/revisions"}],"predecessor-version":[{"id":1477,"href":"https:\/\/formlabs.ib-caddy.com\/sl\/wp-json\/wp\/v2\/pages\/1254\/revisions\/1477"}],"wp:attachment":[{"href":"https:\/\/formlabs.ib-caddy.com\/sl\/wp-json\/wp\/v2\/media?parent=1254"}],"curies":[{"name":"wp","href":"https:\/\/api.w.org\/{rel}","templated":true}]}}